{"id":719,"date":"2025-12-02T17:14:48","date_gmt":"2025-12-02T17:14:48","guid":{"rendered":"https:\/\/alserfincas.com\/?page_id=719"},"modified":"2025-12-23T19:05:21","modified_gmt":"2025-12-23T19:05:21","slug":"solicita-tu-presupuesto","status":"publish","type":"page","link":"https:\/\/alserfincas.com\/index.php\/solicita-tu-presupuesto\/","title":{"rendered":"Solicita presupuesto"},"content":{"rendered":"\t\t<div data-elementor-type=\"wp-page\" data-elementor-id=\"719\" class=\"elementor elementor-719\" data-elementor-post-type=\"page\">\n\t\t\t\t<div class=\"elementor-element elementor-element-5a923ecd e-con-full e-flex e-con e-parent\" data-id=\"5a923ecd\" data-element_type=\"container\" data-e-type=\"container\">\n\t\t<div class=\"elementor-element elementor-element-1d026ba3 e-con-full e-flex e-con e-child\" data-id=\"1d026ba3\" data-element_type=\"container\" data-e-type=\"container\" data-settings=\"{&quot;background_background&quot;:&quot;classic&quot;}\">\n\t\t\t\t<div class=\"elementor-element elementor-element-5ba291c1 elementor-widget elementor-widget-heading\" data-id=\"5ba291c1\" data-element_type=\"widget\" data-e-type=\"widget\" data-widget_type=\"heading.default\">\n\t\t\t\t\t<h3 class=\"elementor-heading-title elementor-size-default\">Solicita Presupuesto<\/h3>\t\t\t\t<\/div>\n\t\t\t\t<div class=\"elementor-element elementor-element-27c206e7 elementor-widget elementor-widget-heading\" data-id=\"27c206e7\" data-element_type=\"widget\" data-e-type=\"widget\" data-widget_type=\"heading.default\">\n\t\t\t\t\t<p class=\"elementor-heading-title elementor-size-default\">\u00bfQuieres saber cu\u00e1nto costar\u00eda que gestionemos tu comunidad? Completa el formulario y te enviaremos un presupuesto sin compromiso.<\/p>\t\t\t\t<\/div>\n\t\t\t\t<div class=\"elementor-element elementor-element-4205a3fe elementor-button-align-end elementor-widget elementor-widget-form\" data-id=\"4205a3fe\" data-element_type=\"widget\" data-e-type=\"widget\" data-settings=\"{&quot;step_next_label&quot;:&quot;Next&quot;,&quot;step_previous_label&quot;:&quot;Previous&quot;,&quot;button_width&quot;:&quot;100&quot;,&quot;step_type&quot;:&quot;number_text&quot;,&quot;step_icon_shape&quot;:&quot;circle&quot;}\" data-widget_type=\"form.default\">\n\t\t\t\t\t\t\t<form class=\"elementor-form\" method=\"post\" name=\"Solicitud de presupuesto\" aria-label=\"Solicitud de presupuesto\">\n\t\t\t<input type=\"hidden\" name=\"post_id\" value=\"719\"\/>\n\t\t\t<input type=\"hidden\" name=\"form_id\" value=\"4205a3fe\"\/>\n\t\t\t<input type=\"hidden\" name=\"referer_title\" value=\"Alser Administraci\u00f3n de Fincas\" \/>\n\n\t\t\t\n\t\t\t<div class=\"elementor-form-fields-wrapper elementor-labels-\">\n\t\t\t\t\t\t\t\t<div class=\"elementor-field-type-text elementor-field-group elementor-column elementor-field-group-name elementor-col-50 elementor-field-required\">\n\t\t\t\t\t\t\t\t\t\t\t\t<label for=\"form-field-name\" class=\"elementor-field-label elementor-screen-only\">\n\t\t\t\t\t\t\t\tNombre\t\t\t\t\t\t\t<\/label>\n\t\t\t\t\t\t\t\t\t\t\t\t\t\t<input size=\"1\" type=\"text\" name=\"form_fields[name]\" id=\"form-field-name\" class=\"elementor-field elementor-size-md  elementor-field-textual\" placeholder=\"Nombre\" required=\"required\">\n\t\t\t\t\t\t\t\t\t\t\t<\/div>\n\t\t\t\t\t\t\t\t<div class=\"elementor-field-type-text elementor-field-group elementor-column elementor-field-group-field_2b2d201 elementor-col-50\">\n\t\t\t\t\t\t\t\t\t\t\t\t<label for=\"form-field-field_2b2d201\" class=\"elementor-field-label elementor-screen-only\">\n\t\t\t\t\t\t\t\tApellidos\t\t\t\t\t\t\t<\/label>\n\t\t\t\t\t\t\t\t\t\t\t\t\t\t<input size=\"1\" type=\"text\" name=\"form_fields[field_2b2d201]\" id=\"form-field-field_2b2d201\" class=\"elementor-field elementor-size-md  elementor-field-textual\" placeholder=\"Apellidos\">\n\t\t\t\t\t\t\t\t\t\t\t<\/div>\n\t\t\t\t\t\t\t\t<div class=\"elementor-field-type-email elementor-field-group elementor-column elementor-field-group-email elementor-col-50 elementor-field-required\">\n\t\t\t\t\t\t\t\t\t\t\t\t<label for=\"form-field-email\" class=\"elementor-field-label elementor-screen-only\">\n\t\t\t\t\t\t\t\tEmail\t\t\t\t\t\t\t<\/label>\n\t\t\t\t\t\t\t\t\t\t\t\t\t\t<input size=\"1\" type=\"email\" name=\"form_fields[email]\" id=\"form-field-email\" class=\"elementor-field elementor-size-md  elementor-field-textual\" placeholder=\"Email\" required=\"required\">\n\t\t\t\t\t\t\t\t\t\t\t<\/div>\n\t\t\t\t\t\t\t\t<div class=\"elementor-field-type-tel elementor-field-group elementor-column elementor-field-group-field_d4c28c7 elementor-col-50 elementor-field-required\">\n\t\t\t\t\t\t\t\t\t\t\t\t<label for=\"form-field-field_d4c28c7\" class=\"elementor-field-label elementor-screen-only\">\n\t\t\t\t\t\t\t\tTel\u00e9fono\t\t\t\t\t\t\t<\/label>\n\t\t\t\t\t\t\t\t<input size=\"1\" type=\"tel\" name=\"form_fields[field_d4c28c7]\" id=\"form-field-field_d4c28c7\" class=\"elementor-field elementor-size-md  elementor-field-textual\" placeholder=\"Tel\u00e9fono\" required=\"required\" pattern=\"[0-9()#&amp;+*-=.]+\" title=\"Solo se aceptan n\u00fameros y caracteres de tel\u00e9fono (#,-,*,etc).\">\n\n\t\t\t\t\t\t<\/div>\n\t\t\t\t\t\t\t\t<div class=\"elementor-field-type-text elementor-field-group elementor-column elementor-field-group-field_2a73769 elementor-col-100 elementor-field-required\">\n\t\t\t\t\t\t\t\t\t\t\t\t<label for=\"form-field-field_2a73769\" class=\"elementor-field-label elementor-screen-only\">\n\t\t\t\t\t\t\t\tDireccion de la Comunidad\t\t\t\t\t\t\t<\/label>\n\t\t\t\t\t\t\t\t\t\t\t\t\t\t<input size=\"1\" type=\"text\" name=\"form_fields[field_2a73769]\" id=\"form-field-field_2a73769\" class=\"elementor-field elementor-size-md  elementor-field-textual\" placeholder=\"Calle \/ N\u00famero \/ C\u00f3digo postal \/ Municipio\" required=\"required\">\n\t\t\t\t\t\t\t\t\t\t\t<\/div>\n\t\t\t\t\t\t\t\t<div class=\"elementor-field-type-text elementor-field-group elementor-column elementor-field-group-field_8d13dce elementor-col-50 elementor-field-required\">\n\t\t\t\t\t\t\t\t\t\t\t\t<label for=\"form-field-field_8d13dce\" class=\"elementor-field-label elementor-screen-only\">\n\t\t\t\t\t\t\t\tN\u00fam. de viviendas\t\t\t\t\t\t\t<\/label>\n\t\t\t\t\t\t\t\t\t\t\t\t\t\t<input size=\"1\" type=\"text\" name=\"form_fields[field_8d13dce]\" id=\"form-field-field_8d13dce\" class=\"elementor-field elementor-size-md  elementor-field-textual\" placeholder=\"N\u00fam. de viviendas\" required=\"required\">\n\t\t\t\t\t\t\t\t\t\t\t<\/div>\n\t\t\t\t\t\t\t\t<div class=\"elementor-field-type-text elementor-field-group elementor-column elementor-field-group-field_a5f3f04 elementor-col-50 elementor-field-required\">\n\t\t\t\t\t\t\t\t\t\t\t\t<label for=\"form-field-field_a5f3f04\" class=\"elementor-field-label elementor-screen-only\">\n\t\t\t\t\t\t\t\tN\u00fam. de locales\t\t\t\t\t\t\t<\/label>\n\t\t\t\t\t\t\t\t\t\t\t\t\t\t<input size=\"1\" type=\"text\" name=\"form_fields[field_a5f3f04]\" id=\"form-field-field_a5f3f04\" class=\"elementor-field elementor-size-md  elementor-field-textual\" placeholder=\"N\u00fam. de locales\" required=\"required\">\n\t\t\t\t\t\t\t\t\t\t\t<\/div>\n\t\t\t\t\t\t\t\t<div class=\"elementor-field-type-select elementor-field-group elementor-column elementor-field-group-field_7bf3c42 elementor-col-50 elementor-field-required\">\n\t\t\t\t\t\t\t\t\t\t\t\t<label for=\"form-field-field_7bf3c42\" class=\"elementor-field-label elementor-screen-only\">\n\t\t\t\t\t\t\t\tGaraje\t\t\t\t\t\t\t<\/label>\n\t\t\t\t\t\t\t\t<div class=\"elementor-field elementor-select-wrapper remove-before \">\n\t\t\t<div class=\"select-caret-down-wrapper\">\n\t\t\t\t<svg aria-hidden=\"true\" class=\"e-font-icon-svg e-eicon-caret-down\" viewBox=\"0 0 571.4 571.4\" xmlns=\"http:\/\/www.w3.org\/2000\/svg\"><path d=\"M571 393Q571 407 561 418L311 668Q300 679 286 679T261 668L11 418Q0 407 0 393T11 368 36 357H536Q550 357 561 368T571 393Z\"><\/path><\/svg>\t\t\t<\/div>\n\t\t\t<select name=\"form_fields[field_7bf3c42]\" id=\"form-field-field_7bf3c42\" class=\"elementor-field-textual elementor-size-md\" required=\"required\">\n\t\t\t\t\t\t\t\t\t<option value=\"Garaje s\u00ed\">Garaje s\u00ed<\/option>\n\t\t\t\t\t\t\t\t\t<option value=\"Garaje no\" selected=\"selected\">Garaje no<\/option>\n\t\t\t\t\t\t\t<\/select>\n\t\t<\/div>\n\t\t\t\t\t\t<\/div>\n\t\t\t\t\t\t\t\t<div class=\"elementor-field-type-select elementor-field-group elementor-column elementor-field-group-field_7e4b5cd elementor-col-50 elementor-field-required\">\n\t\t\t\t\t\t\t\t\t\t\t\t<label for=\"form-field-field_7e4b5cd\" class=\"elementor-field-label elementor-screen-only\">\n\t\t\t\t\t\t\t\tCalefacci\u00f3n central\t\t\t\t\t\t\t<\/label>\n\t\t\t\t\t\t\t\t<div class=\"elementor-field elementor-select-wrapper remove-before \">\n\t\t\t<div class=\"select-caret-down-wrapper\">\n\t\t\t\t<svg aria-hidden=\"true\" class=\"e-font-icon-svg e-eicon-caret-down\" viewBox=\"0 0 571.4 571.4\" xmlns=\"http:\/\/www.w3.org\/2000\/svg\"><path d=\"M571 393Q571 407 561 418L311 668Q300 679 286 679T261 668L11 418Q0 407 0 393T11 368 36 357H536Q550 357 561 368T571 393Z\"><\/path><\/svg>\t\t\t<\/div>\n\t\t\t<select name=\"form_fields[field_7e4b5cd]\" id=\"form-field-field_7e4b5cd\" class=\"elementor-field-textual elementor-size-md\" required=\"required\">\n\t\t\t\t\t\t\t\t\t<option value=\"Calefacci\u00f3n central s\u00ed\">Calefacci\u00f3n central s\u00ed<\/option>\n\t\t\t\t\t\t\t\t\t<option value=\"Calefacci\u00f3n central no\" selected=\"selected\">Calefacci\u00f3n central no<\/option>\n\t\t\t\t\t\t\t<\/select>\n\t\t<\/div>\n\t\t\t\t\t\t<\/div>\n\t\t\t\t\t\t\t\t<div class=\"elementor-field-type-select elementor-field-group elementor-column elementor-field-group-field_0135f48 elementor-col-33 elementor-field-required\">\n\t\t\t\t\t\t\t\t\t\t\t\t<label for=\"form-field-field_0135f48\" class=\"elementor-field-label elementor-screen-only\">\n\t\t\t\t\t\t\t\tZonas comunes\t\t\t\t\t\t\t<\/label>\n\t\t\t\t\t\t\t\t<div class=\"elementor-field elementor-select-wrapper remove-before \">\n\t\t\t<div class=\"select-caret-down-wrapper\">\n\t\t\t\t<svg aria-hidden=\"true\" class=\"e-font-icon-svg e-eicon-caret-down\" viewBox=\"0 0 571.4 571.4\" xmlns=\"http:\/\/www.w3.org\/2000\/svg\"><path d=\"M571 393Q571 407 561 418L311 668Q300 679 286 679T261 668L11 418Q0 407 0 393T11 368 36 357H536Q550 357 561 368T571 393Z\"><\/path><\/svg>\t\t\t<\/div>\n\t\t\t<select name=\"form_fields[field_0135f48]\" id=\"form-field-field_0135f48\" class=\"elementor-field-textual elementor-size-md\" required=\"required\">\n\t\t\t\t\t\t\t\t\t<option value=\"Zonas comunes s\u00ed\">Zonas comunes s\u00ed<\/option>\n\t\t\t\t\t\t\t\t\t<option value=\"Zonas comunes no\" selected=\"selected\">Zonas comunes no<\/option>\n\t\t\t\t\t\t\t<\/select>\n\t\t<\/div>\n\t\t\t\t\t\t<\/div>\n\t\t\t\t\t\t\t\t<div class=\"elementor-field-type-select elementor-field-group elementor-column elementor-field-group-field_eb110f7 elementor-col-33 elementor-field-required\">\n\t\t\t\t\t\t\t\t\t\t\t\t<label for=\"form-field-field_eb110f7\" class=\"elementor-field-label elementor-screen-only\">\n\t\t\t\t\t\t\t\tPiscina\t\t\t\t\t\t\t<\/label>\n\t\t\t\t\t\t\t\t<div class=\"elementor-field elementor-select-wrapper remove-before \">\n\t\t\t<div class=\"select-caret-down-wrapper\">\n\t\t\t\t<svg aria-hidden=\"true\" class=\"e-font-icon-svg e-eicon-caret-down\" viewBox=\"0 0 571.4 571.4\" xmlns=\"http:\/\/www.w3.org\/2000\/svg\"><path d=\"M571 393Q571 407 561 418L311 668Q300 679 286 679T261 668L11 418Q0 407 0 393T11 368 36 357H536Q550 357 561 368T571 393Z\"><\/path><\/svg>\t\t\t<\/div>\n\t\t\t<select name=\"form_fields[field_eb110f7]\" id=\"form-field-field_eb110f7\" class=\"elementor-field-textual elementor-size-md\" required=\"required\">\n\t\t\t\t\t\t\t\t\t<option value=\"Piscina s\u00ed\">Piscina s\u00ed<\/option>\n\t\t\t\t\t\t\t\t\t<option value=\"Piscina no\" selected=\"selected\">Piscina no<\/option>\n\t\t\t\t\t\t\t<\/select>\n\t\t<\/div>\n\t\t\t\t\t\t<\/div>\n\t\t\t\t\t\t\t\t<div class=\"elementor-field-type-select elementor-field-group elementor-column elementor-field-group-field_b0202c6 elementor-col-33 elementor-field-required\">\n\t\t\t\t\t\t\t\t\t\t\t\t<label for=\"form-field-field_b0202c6\" class=\"elementor-field-label elementor-screen-only\">\n\t\t\t\t\t\t\t\tEmpleados contratados por la comunidad\t\t\t\t\t\t\t<\/label>\n\t\t\t\t\t\t\t\t<div class=\"elementor-field elementor-select-wrapper remove-before \">\n\t\t\t<div class=\"select-caret-down-wrapper\">\n\t\t\t\t<svg aria-hidden=\"true\" class=\"e-font-icon-svg e-eicon-caret-down\" viewBox=\"0 0 571.4 571.4\" xmlns=\"http:\/\/www.w3.org\/2000\/svg\"><path d=\"M571 393Q571 407 561 418L311 668Q300 679 286 679T261 668L11 418Q0 407 0 393T11 368 36 357H536Q550 357 561 368T571 393Z\"><\/path><\/svg>\t\t\t<\/div>\n\t\t\t<select name=\"form_fields[field_b0202c6]\" id=\"form-field-field_b0202c6\" class=\"elementor-field-textual elementor-size-md\" required=\"required\">\n\t\t\t\t\t\t\t\t\t<option value=\"Empleados contratados por la comunidad s\u00ed\" selected=\"selected\">Empleados contratados por la comunidad s\u00ed<\/option>\n\t\t\t\t\t\t\t\t\t<option value=\"Empleados contratados por la comunidad no\">Empleados contratados por la comunidad no<\/option>\n\t\t\t\t\t\t\t<\/select>\n\t\t<\/div>\n\t\t\t\t\t\t<\/div>\n\t\t\t\t\t\t\t\t<div class=\"elementor-field-type-textarea elementor-field-group elementor-column elementor-field-group-message elementor-col-100\">\n\t\t\t\t\t\t\t\t\t\t\t\t<label for=\"form-field-message\" class=\"elementor-field-label elementor-screen-only\">\n\t\t\t\t\t\t\t\tComentario\t\t\t\t\t\t\t<\/label>\n\t\t\t\t\t\t<textarea class=\"elementor-field-textual elementor-field  elementor-size-md\" name=\"form_fields[message]\" id=\"form-field-message\" rows=\"4\" placeholder=\"Indique aqu\u00ed alg\u00fan comentario que quiera a\u00f1adir\"><\/textarea>\t\t\t\t<\/div>\n\t\t\t\t\t\t\t\t<div class=\"elementor-field-type-acceptance elementor-field-group elementor-column elementor-field-group-field_9107a2e elementor-col-100 elementor-field-required\">\n\t\t\t\t\t\t\t\t\t\t\t\t<label for=\"form-field-field_9107a2e\" class=\"elementor-field-label elementor-screen-only\">\n\t\t\t\t\t\t\t\tPolitica de Privacidad\t\t\t\t\t\t\t<\/label>\n\t\t\t\t\t\t\t\t<div class=\"elementor-field-subgroup\">\n\t\t\t<span class=\"elementor-field-option\">\n\t\t\t\t<input type=\"checkbox\" name=\"form_fields[field_9107a2e]\" id=\"form-field-field_9107a2e\" class=\"elementor-field elementor-size-md  elementor-acceptance-field\" required=\"required\">\n\t\t\t\t<label for=\"form-field-field_9107a2e\">Acepto la Pol\u00edtica de Privacidad de Alser Administraci\u00f3n De Fincas S.L.<\/label>\t\t\t<\/span>\n\t\t<\/div>\n\t\t\t\t\t\t<\/div>\n\t\t\t\t\t\t\t\t<div class=\"elementor-field-group elementor-column elementor-field-type-submit elementor-col-100 e-form__buttons\">\n\t\t\t\t\t<button class=\"elementor-button elementor-size-md\" type=\"submit\">\n\t\t\t\t\t\t<span class=\"elementor-button-content-wrapper\">\n\t\t\t\t\t\t\t\t\t\t\t\t\t\t\t\t\t\t\t\t\t\t<span class=\"elementor-button-text\">Enviar \u27f6<\/span>\n\t\t\t\t\t\t\t\t\t\t\t\t\t<\/span>\n\t\t\t\t\t<\/button>\n\t\t\t\t<\/div>\n\t\t\t<\/div>\n\t\t<\/form>\n\t\t\t\t\t\t<\/div>\n\t\t\t\t<\/div>\n\t\t\t\t<\/div>\n\t\t\t\t<\/div>\n\t\t","protected":false},"excerpt":{"rendered":"<p>Solicita Presupuesto \u00bfQuieres saber cu\u00e1nto costar\u00eda que gestionemos tu comunidad? Completa el formulario y te enviaremos un presupuesto sin compromiso.<\/p>\n","protected":false},"author":1,"featured_media":0,"parent":0,"menu_order":0,"comment_status":"closed","ping_status":"closed","template":"","meta":{"footnotes":""},"class_list":["post-719","page","type-page","status-publish","hentry"],"yoast_head":"<!-- This site is optimized with the Yoast SEO plugin v26.8 - https:\/\/yoast.com\/product\/yoast-seo-wordpress\/ -->\n<title>Solicita presupuesto - Alser Administraci\u00f3n de Fincas<\/title>\n<meta name=\"robots\" content=\"index, follow, max-snippet:-1, max-image-preview:large, max-video-preview:-1\" \/>\n<link rel=\"canonical\" href=\"https:\/\/alserfincas.com\/index.php\/solicita-tu-presupuesto\/\" \/>\n<meta property=\"og:locale\" content=\"es_ES\" \/>\n<meta property=\"og:type\" content=\"article\" \/>\n<meta property=\"og:title\" content=\"Solicita presupuesto - Alser Administraci\u00f3n de Fincas\" \/>\n<meta property=\"og:description\" content=\"Solicita Presupuesto \u00bfQuieres saber cu\u00e1nto costar\u00eda que gestionemos tu comunidad? Completa el formulario y te enviaremos un presupuesto sin compromiso.\" \/>\n<meta property=\"og:url\" content=\"https:\/\/alserfincas.com\/index.php\/solicita-tu-presupuesto\/\" \/>\n<meta property=\"og:site_name\" content=\"Alser Administraci\u00f3n de Fincas\" \/>\n<meta property=\"article:modified_time\" content=\"2025-12-23T19:05:21+00:00\" \/>\n<meta name=\"twitter:card\" content=\"summary_large_image\" \/>\n<meta name=\"twitter:label1\" content=\"Tiempo de lectura\" \/>\n\t<meta name=\"twitter:data1\" content=\"1 minuto\" \/>\n<script type=\"application\/ld+json\" class=\"yoast-schema-graph\">{\"@context\":\"https:\/\/schema.org\",\"@graph\":[{\"@type\":\"WebPage\",\"@id\":\"https:\/\/alserfincas.com\/index.php\/solicita-tu-presupuesto\/\",\"url\":\"https:\/\/alserfincas.com\/index.php\/solicita-tu-presupuesto\/\",\"name\":\"Solicita presupuesto - Alser Administraci\u00f3n de Fincas\",\"isPartOf\":{\"@id\":\"https:\/\/alserfincas.com\/#website\"},\"datePublished\":\"2025-12-02T17:14:48+00:00\",\"dateModified\":\"2025-12-23T19:05:21+00:00\",\"breadcrumb\":{\"@id\":\"https:\/\/alserfincas.com\/index.php\/solicita-tu-presupuesto\/#breadcrumb\"},\"inLanguage\":\"es\",\"potentialAction\":[{\"@type\":\"ReadAction\",\"target\":[\"https:\/\/alserfincas.com\/index.php\/solicita-tu-presupuesto\/\"]}]},{\"@type\":\"BreadcrumbList\",\"@id\":\"https:\/\/alserfincas.com\/index.php\/solicita-tu-presupuesto\/#breadcrumb\",\"itemListElement\":[{\"@type\":\"ListItem\",\"position\":1,\"name\":\"Portada\",\"item\":\"https:\/\/alserfincas.com\/\"},{\"@type\":\"ListItem\",\"position\":2,\"name\":\"Solicita presupuesto\"}]},{\"@type\":\"WebSite\",\"@id\":\"https:\/\/alserfincas.com\/#website\",\"url\":\"https:\/\/alserfincas.com\/\",\"name\":\"Alser Administraci\u00f3n de Fincas\",\"description\":\"Ofrecemos un servicio integral de administraci\u00f3n de fincas\",\"publisher\":{\"@id\":\"https:\/\/alserfincas.com\/#organization\"},\"potentialAction\":[{\"@type\":\"SearchAction\",\"target\":{\"@type\":\"EntryPoint\",\"urlTemplate\":\"https:\/\/alserfincas.com\/?s={search_term_string}\"},\"query-input\":{\"@type\":\"PropertyValueSpecification\",\"valueRequired\":true,\"valueName\":\"search_term_string\"}}],\"inLanguage\":\"es\"},{\"@type\":\"Organization\",\"@id\":\"https:\/\/alserfincas.com\/#organization\",\"name\":\"Alser Administraci\u00f3n de Fincas\",\"url\":\"https:\/\/alserfincas.com\/\",\"logo\":{\"@type\":\"ImageObject\",\"inLanguage\":\"es\",\"@id\":\"https:\/\/alserfincas.com\/#\/schema\/logo\/image\/\",\"url\":\"https:\/\/alserfincas.com\/wp-content\/uploads\/2025\/11\/logo-header.png\",\"contentUrl\":\"https:\/\/alserfincas.com\/wp-content\/uploads\/2025\/11\/logo-header.png\",\"width\":178,\"height\":120,\"caption\":\"Alser Administraci\u00f3n de Fincas\"},\"image\":{\"@id\":\"https:\/\/alserfincas.com\/#\/schema\/logo\/image\/\"}}]}<\/script>\n<!-- \/ Yoast SEO plugin. -->","yoast_head_json":{"title":"Solicita presupuesto - Alser Administraci\u00f3n de Fincas","robots":{"index":"index","follow":"follow","max-snippet":"max-snippet:-1","max-image-preview":"max-image-preview:large","max-video-preview":"max-video-preview:-1"},"canonical":"https:\/\/alserfincas.com\/index.php\/solicita-tu-presupuesto\/","og_locale":"es_ES","og_type":"article","og_title":"Solicita presupuesto - Alser Administraci\u00f3n de Fincas","og_description":"Solicita Presupuesto \u00bfQuieres saber cu\u00e1nto costar\u00eda que gestionemos tu comunidad? Completa el formulario y te enviaremos un presupuesto sin compromiso.","og_url":"https:\/\/alserfincas.com\/index.php\/solicita-tu-presupuesto\/","og_site_name":"Alser Administraci\u00f3n de Fincas","article_modified_time":"2025-12-23T19:05:21+00:00","twitter_card":"summary_large_image","twitter_misc":{"Tiempo de lectura":"1 minuto"},"schema":{"@context":"https:\/\/schema.org","@graph":[{"@type":"WebPage","@id":"https:\/\/alserfincas.com\/index.php\/solicita-tu-presupuesto\/","url":"https:\/\/alserfincas.com\/index.php\/solicita-tu-presupuesto\/","name":"Solicita presupuesto - Alser Administraci\u00f3n de Fincas","isPartOf":{"@id":"https:\/\/alserfincas.com\/#website"},"datePublished":"2025-12-02T17:14:48+00:00","dateModified":"2025-12-23T19:05:21+00:00","breadcrumb":{"@id":"https:\/\/alserfincas.com\/index.php\/solicita-tu-presupuesto\/#breadcrumb"},"inLanguage":"es","potentialAction":[{"@type":"ReadAction","target":["https:\/\/alserfincas.com\/index.php\/solicita-tu-presupuesto\/"]}]},{"@type":"BreadcrumbList","@id":"https:\/\/alserfincas.com\/index.php\/solicita-tu-presupuesto\/#breadcrumb","itemListElement":[{"@type":"ListItem","position":1,"name":"Portada","item":"https:\/\/alserfincas.com\/"},{"@type":"ListItem","position":2,"name":"Solicita presupuesto"}]},{"@type":"WebSite","@id":"https:\/\/alserfincas.com\/#website","url":"https:\/\/alserfincas.com\/","name":"Alser Administraci\u00f3n de Fincas","description":"Ofrecemos un servicio integral de administraci\u00f3n de fincas","publisher":{"@id":"https:\/\/alserfincas.com\/#organization"},"potentialAction":[{"@type":"SearchAction","target":{"@type":"EntryPoint","urlTemplate":"https:\/\/alserfincas.com\/?s={search_term_string}"},"query-input":{"@type":"PropertyValueSpecification","valueRequired":true,"valueName":"search_term_string"}}],"inLanguage":"es"},{"@type":"Organization","@id":"https:\/\/alserfincas.com\/#organization","name":"Alser Administraci\u00f3n de Fincas","url":"https:\/\/alserfincas.com\/","logo":{"@type":"ImageObject","inLanguage":"es","@id":"https:\/\/alserfincas.com\/#\/schema\/logo\/image\/","url":"https:\/\/alserfincas.com\/wp-content\/uploads\/2025\/11\/logo-header.png","contentUrl":"https:\/\/alserfincas.com\/wp-content\/uploads\/2025\/11\/logo-header.png","width":178,"height":120,"caption":"Alser Administraci\u00f3n de Fincas"},"image":{"@id":"https:\/\/alserfincas.com\/#\/schema\/logo\/image\/"}}]}},"_links":{"self":[{"href":"https:\/\/alserfincas.com\/index.php\/wp-json\/wp\/v2\/pages\/719","targetHints":{"allow":["GET"]}}],"collection":[{"href":"https:\/\/alserfincas.com\/index.php\/wp-json\/wp\/v2\/pages"}],"about":[{"href":"https:\/\/alserfincas.com\/index.php\/wp-json\/wp\/v2\/types\/page"}],"author":[{"embeddable":true,"href":"https:\/\/alserfincas.com\/index.php\/wp-json\/wp\/v2\/users\/1"}],"replies":[{"embeddable":true,"href":"https:\/\/alserfincas.com\/index.php\/wp-json\/wp\/v2\/comments?post=719"}],"version-history":[{"count":82,"href":"https:\/\/alserfincas.com\/index.php\/wp-json\/wp\/v2\/pages\/719\/revisions"}],"predecessor-version":[{"id":842,"href":"https:\/\/alserfincas.com\/index.php\/wp-json\/wp\/v2\/pages\/719\/revisions\/842"}],"wp:attachment":[{"href":"https:\/\/alserfincas.com\/index.php\/wp-json\/wp\/v2\/media?parent=719"}],"curies":[{"name":"wp","href":"https:\/\/api.w.org\/{rel}","templated":true}]}}