{"id":547,"date":"2025-11-29T19:05:53","date_gmt":"2025-11-29T19:05:53","guid":{"rendered":"https:\/\/alserfincas.com\/?page_id=547"},"modified":"2025-11-29T20:06:29","modified_gmt":"2025-11-29T20:06:29","slug":"politica-de-proteccion-de-datos","status":"publish","type":"page","link":"https:\/\/alserfincas.com\/index.php\/politica-de-proteccion-de-datos\/","title":{"rendered":"Pol\u00edtica de Protecci\u00f3n de Datos"},"content":{"rendered":"\t\t<div data-elementor-type=\"wp-page\" data-elementor-id=\"547\" class=\"elementor elementor-547\" data-elementor-post-type=\"page\">\n\t\t\t\t<div class=\"elementor-element elementor-element-23d0746 e-flex e-con-boxed e-con e-parent\" data-id=\"23d0746\" data-element_type=\"container\" data-e-type=\"container\">\n\t\t\t\t\t<div class=\"e-con-inner\">\n\t\t\t\t<div class=\"elementor-element elementor-element-c0d1f7f elementor-widget elementor-widget-heading\" data-id=\"c0d1f7f\" data-element_type=\"widget\" data-e-type=\"widget\" data-widget_type=\"heading.default\">\n\t\t\t\t\t<h1 class=\"elementor-heading-title elementor-size-default\">Pol\u00edtica de Protecci\u00f3n de Datos<\/h1>\t\t\t\t<\/div>\n\t\t\t\t<div class=\"elementor-element elementor-element-8f05958 elementor-widget elementor-widget-text-editor\" data-id=\"8f05958\" data-element_type=\"widget\" data-e-type=\"widget\" data-widget_type=\"text-editor.default\">\n\t\t\t\t\t\t\t\t\t<p>Los datos personales facilitados a trav\u00e9s de esta p\u00e1gina web ser\u00e1n tratados por <strong>ALSER ADMISNITRACI\u00d3N DE FINCAS, S.L.<\/strong>, titular de la misma, cuyos datos de contacto son los siguientes:<br \/><br \/><br \/><\/p><ul><li><strong>Domicilio:<\/strong> BRAVO MURILLO, 21 2-1 28015 MADRID<\/li><li><strong>Tel\u00e9fono:<\/strong> 91 4475613.<\/li><li><strong>Correo electr\u00f3nico:<\/strong> i<a href=\"mailto:nfo@alserfincas.com\">nfo@alserfincas.com<\/a><\/li><\/ul><p><br \/><br \/><br \/>La finalidad del tratamiento de los datos es la de poder contactar con el remitente de la informaci\u00f3n, dar respuesta a su petici\u00f3n o consulta y hacer un seguimiento posterior. Los datos ser\u00e1n tratados sobre la base jur\u00eddica del consentimiento de la persona que los proporciona. Puede retirarse dicho consentimiento en cualquier momento a trav\u00e9s de la direcci\u00f3n de e-mail mencionada, si bien ello no afectara\u0301 a la licitud de los tratamientos efectuados con anterioridad. Las categor\u00edas de datos tratadas son las que espec\u00edficamente facilitadas por usted.<\/p><p>En caso de que nos facilite sus datos interes\u00e1ndose en nuestros servicios o para solicitar presupuesto, la base legitimadora del tratamiento ser\u00e1\u0301 la eventual relaci\u00f3n precontractual. El hecho de facilitarnos los datos es voluntario, aunque, en caso de no hacerlo, no se podr\u00e1\u0301 responder a la solicitud, consulta o reclamaci\u00f3n. Por tanto, la comunicaci\u00f3n de sus datos personales a estos efectos es un requisito necesario para que podamos atender las peticiones formuladas por esta v\u00eda. Los datos ser\u00e1n conservados durante el tiempo necesario para dar respuesta a su solicitud, petici\u00f3n, consulta o reclamaci\u00f3n y dar esta por definitivamente cerrada. Posteriormente, ser\u00e1n conservados, a modo de hist\u00f3rico de comunicaciones, durante un plazo de un a\u00f1o, salvo que usted solicite antes su supresi\u00f3n en cualquier momento.<\/p><p>No obstante, los tratamientos de datos efectuados con anterioridad no perder\u00e1n su licitud por el hecho de que el consentimiento se haya revocado. Adicionalmente, puede que se recaben m\u00e1s datos durante las entrevistas o procesos de selecci\u00f3n de personal, cuyo tratamiento se fundamenta igualmente en el consentimiento.<\/p><p>El titular de los datos tiene derecho a solicitar el acceso a ellos, su rectificaci\u00f3n o supresi\u00f3n, as\u00ed\u0301 como a la limitaci\u00f3n de su tratamiento, a oponerse al mismo y a la portabilidad de sus datos, en los casos previstos en el Reglamento General de Protecci\u00f3n de Datos. Frente a cualquier hecho que considerase una violaci\u00f3n de sus derechos, puede presentar una reclamaci\u00f3n ante la Agencia Espa\u00f1ola de Protecci\u00f3n de Datos (datos de contacto accesibles en <a href=\"https:\/\/www.aepd.es\" target=\"_blank\" rel=\"noopener\">www.aepd.es<\/a>).<\/p><p>Si se facilitan a trav\u00e9s de esta web datos de terceros, quien lo haga asume la responsabilidad de informarles previamente de todo lo previsto en el art\u00edculo 14 del Reglamento General de Protecci\u00f3n de Datos.<\/p><p>El usuario es responsable de que la informaci\u00f3n que proporcione a trav\u00e9s de esta Web sea cierta. A estos efectos, responde de la veracidad de todos los datos que comunique y mantendr\u00e1\u0301 convenientemente actualizada la informaci\u00f3n facilitada, de tal forma que responda a su situaci\u00f3n real. El usuario ser\u00e1\u0301 responsable de las informaciones falsas o inexactas que proporcione y de los perjuicios que ello cause al titular de esta web o a terceros.<\/p><p>El titular de esta web garantiza la seguridad y confidencialidad de los datos de car\u00e1cter personal que le sean facilitados. A tal fin, tiene implantadas las medidas de seguridad de \u00edndole t\u00e9cnica y organizativa que son necesarias para evitar su alteraci\u00f3n, p\u00e9rdida, tratamiento o acceso no autorizados, de acuerdo con lo establecido en la normativa aplicable.<\/p>\t\t\t\t\t\t\t\t<\/div>\n\t\t\t\t\t<\/div>\n\t\t\t\t<\/div>\n\t\t\t\t<\/div>\n\t\t","protected":false},"excerpt":{"rendered":"<p>Pol\u00edtica de Protecci\u00f3n de Datos Los datos personales facilitados a trav\u00e9s de esta p\u00e1gina web ser\u00e1n tratados por ALSER ADMISNITRACI\u00d3N DE FINCAS, S.L., titular de la misma, cuyos datos de contacto son los siguientes: Domicilio: BRAVO MURILLO, 21 2-1 28015 MADRID Tel\u00e9fono: 91 4475613. Correo electr\u00f3nico: info@alserfincas.com La finalidad del tratamiento de los datos es [&hellip;]<\/p>\n","protected":false},"author":1,"featured_media":0,"parent":0,"menu_order":0,"comment_status":"closed","ping_status":"closed","template":"","meta":{"footnotes":""},"class_list":["post-547","page","type-page","status-publish","hentry"],"yoast_head":"<!-- This site is optimized with the Yoast SEO plugin v26.8 - https:\/\/yoast.com\/product\/yoast-seo-wordpress\/ -->\n<title>Pol\u00edtica de Protecci\u00f3n de Datos - Alser Administraci\u00f3n de Fincas<\/title>\n<meta name=\"robots\" content=\"index, follow, max-snippet:-1, max-image-preview:large, max-video-preview:-1\" \/>\n<link rel=\"canonical\" href=\"https:\/\/alserfincas.com\/index.php\/politica-de-proteccion-de-datos\/\" \/>\n<meta property=\"og:locale\" content=\"es_ES\" \/>\n<meta property=\"og:type\" content=\"article\" \/>\n<meta property=\"og:title\" content=\"Pol\u00edtica de Protecci\u00f3n de Datos - Alser Administraci\u00f3n de Fincas\" \/>\n<meta property=\"og:description\" content=\"Pol\u00edtica de Protecci\u00f3n de Datos Los datos personales facilitados a trav\u00e9s de esta p\u00e1gina web ser\u00e1n tratados por ALSER ADMISNITRACI\u00d3N DE FINCAS, S.L., titular de la misma, cuyos datos de contacto son los siguientes: Domicilio: BRAVO MURILLO, 21 2-1 28015 MADRID Tel\u00e9fono: 91 4475613. Correo electr\u00f3nico: info@alserfincas.com La finalidad del tratamiento de los datos es [&hellip;]\" \/>\n<meta property=\"og:url\" content=\"https:\/\/alserfincas.com\/index.php\/politica-de-proteccion-de-datos\/\" \/>\n<meta property=\"og:site_name\" content=\"Alser Administraci\u00f3n de Fincas\" \/>\n<meta property=\"article:modified_time\" content=\"2025-11-29T20:06:29+00:00\" \/>\n<meta name=\"twitter:card\" content=\"summary_large_image\" \/>\n<meta name=\"twitter:label1\" content=\"Tiempo de lectura\" \/>\n\t<meta name=\"twitter:data1\" content=\"3 minutos\" \/>\n<script type=\"application\/ld+json\" class=\"yoast-schema-graph\">{\"@context\":\"https:\/\/schema.org\",\"@graph\":[{\"@type\":\"WebPage\",\"@id\":\"https:\/\/alserfincas.com\/index.php\/politica-de-proteccion-de-datos\/\",\"url\":\"https:\/\/alserfincas.com\/index.php\/politica-de-proteccion-de-datos\/\",\"name\":\"Pol\u00edtica de Protecci\u00f3n de Datos - Alser Administraci\u00f3n de Fincas\",\"isPartOf\":{\"@id\":\"https:\/\/alserfincas.com\/#website\"},\"datePublished\":\"2025-11-29T19:05:53+00:00\",\"dateModified\":\"2025-11-29T20:06:29+00:00\",\"breadcrumb\":{\"@id\":\"https:\/\/alserfincas.com\/index.php\/politica-de-proteccion-de-datos\/#breadcrumb\"},\"inLanguage\":\"es\",\"potentialAction\":[{\"@type\":\"ReadAction\",\"target\":[\"https:\/\/alserfincas.com\/index.php\/politica-de-proteccion-de-datos\/\"]}]},{\"@type\":\"BreadcrumbList\",\"@id\":\"https:\/\/alserfincas.com\/index.php\/politica-de-proteccion-de-datos\/#breadcrumb\",\"itemListElement\":[{\"@type\":\"ListItem\",\"position\":1,\"name\":\"Portada\",\"item\":\"https:\/\/alserfincas.com\/\"},{\"@type\":\"ListItem\",\"position\":2,\"name\":\"Pol\u00edtica de Protecci\u00f3n de Datos\"}]},{\"@type\":\"WebSite\",\"@id\":\"https:\/\/alserfincas.com\/#website\",\"url\":\"https:\/\/alserfincas.com\/\",\"name\":\"Alser Administraci\u00f3n de Fincas\",\"description\":\"Ofrecemos un servicio integral de administraci\u00f3n de fincas\",\"publisher\":{\"@id\":\"https:\/\/alserfincas.com\/#organization\"},\"potentialAction\":[{\"@type\":\"SearchAction\",\"target\":{\"@type\":\"EntryPoint\",\"urlTemplate\":\"https:\/\/alserfincas.com\/?s={search_term_string}\"},\"query-input\":{\"@type\":\"PropertyValueSpecification\",\"valueRequired\":true,\"valueName\":\"search_term_string\"}}],\"inLanguage\":\"es\"},{\"@type\":\"Organization\",\"@id\":\"https:\/\/alserfincas.com\/#organization\",\"name\":\"Alser Administraci\u00f3n de Fincas\",\"url\":\"https:\/\/alserfincas.com\/\",\"logo\":{\"@type\":\"ImageObject\",\"inLanguage\":\"es\",\"@id\":\"https:\/\/alserfincas.com\/#\/schema\/logo\/image\/\",\"url\":\"https:\/\/alserfincas.com\/wp-content\/uploads\/2025\/11\/logo-header.png\",\"contentUrl\":\"https:\/\/alserfincas.com\/wp-content\/uploads\/2025\/11\/logo-header.png\",\"width\":178,\"height\":120,\"caption\":\"Alser Administraci\u00f3n de Fincas\"},\"image\":{\"@id\":\"https:\/\/alserfincas.com\/#\/schema\/logo\/image\/\"}}]}<\/script>\n<!-- \/ Yoast SEO plugin. -->","yoast_head_json":{"title":"Pol\u00edtica de Protecci\u00f3n de Datos - Alser Administraci\u00f3n de Fincas","robots":{"index":"index","follow":"follow","max-snippet":"max-snippet:-1","max-image-preview":"max-image-preview:large","max-video-preview":"max-video-preview:-1"},"canonical":"https:\/\/alserfincas.com\/index.php\/politica-de-proteccion-de-datos\/","og_locale":"es_ES","og_type":"article","og_title":"Pol\u00edtica de Protecci\u00f3n de Datos - Alser Administraci\u00f3n de Fincas","og_description":"Pol\u00edtica de Protecci\u00f3n de Datos Los datos personales facilitados a trav\u00e9s de esta p\u00e1gina web ser\u00e1n tratados por ALSER ADMISNITRACI\u00d3N DE FINCAS, S.L., titular de la misma, cuyos datos de contacto son los siguientes: Domicilio: BRAVO MURILLO, 21 2-1 28015 MADRID Tel\u00e9fono: 91 4475613. Correo electr\u00f3nico: info@alserfincas.com La finalidad del tratamiento de los datos es [&hellip;]","og_url":"https:\/\/alserfincas.com\/index.php\/politica-de-proteccion-de-datos\/","og_site_name":"Alser Administraci\u00f3n de Fincas","article_modified_time":"2025-11-29T20:06:29+00:00","twitter_card":"summary_large_image","twitter_misc":{"Tiempo de lectura":"3 minutos"},"schema":{"@context":"https:\/\/schema.org","@graph":[{"@type":"WebPage","@id":"https:\/\/alserfincas.com\/index.php\/politica-de-proteccion-de-datos\/","url":"https:\/\/alserfincas.com\/index.php\/politica-de-proteccion-de-datos\/","name":"Pol\u00edtica de Protecci\u00f3n de Datos - Alser Administraci\u00f3n de Fincas","isPartOf":{"@id":"https:\/\/alserfincas.com\/#website"},"datePublished":"2025-11-29T19:05:53+00:00","dateModified":"2025-11-29T20:06:29+00:00","breadcrumb":{"@id":"https:\/\/alserfincas.com\/index.php\/politica-de-proteccion-de-datos\/#breadcrumb"},"inLanguage":"es","potentialAction":[{"@type":"ReadAction","target":["https:\/\/alserfincas.com\/index.php\/politica-de-proteccion-de-datos\/"]}]},{"@type":"BreadcrumbList","@id":"https:\/\/alserfincas.com\/index.php\/politica-de-proteccion-de-datos\/#breadcrumb","itemListElement":[{"@type":"ListItem","position":1,"name":"Portada","item":"https:\/\/alserfincas.com\/"},{"@type":"ListItem","position":2,"name":"Pol\u00edtica de Protecci\u00f3n de Datos"}]},{"@type":"WebSite","@id":"https:\/\/alserfincas.com\/#website","url":"https:\/\/alserfincas.com\/","name":"Alser Administraci\u00f3n de Fincas","description":"Ofrecemos un servicio integral de administraci\u00f3n de fincas","publisher":{"@id":"https:\/\/alserfincas.com\/#organization"},"potentialAction":[{"@type":"SearchAction","target":{"@type":"EntryPoint","urlTemplate":"https:\/\/alserfincas.com\/?s={search_term_string}"},"query-input":{"@type":"PropertyValueSpecification","valueRequired":true,"valueName":"search_term_string"}}],"inLanguage":"es"},{"@type":"Organization","@id":"https:\/\/alserfincas.com\/#organization","name":"Alser Administraci\u00f3n de Fincas","url":"https:\/\/alserfincas.com\/","logo":{"@type":"ImageObject","inLanguage":"es","@id":"https:\/\/alserfincas.com\/#\/schema\/logo\/image\/","url":"https:\/\/alserfincas.com\/wp-content\/uploads\/2025\/11\/logo-header.png","contentUrl":"https:\/\/alserfincas.com\/wp-content\/uploads\/2025\/11\/logo-header.png","width":178,"height":120,"caption":"Alser Administraci\u00f3n de Fincas"},"image":{"@id":"https:\/\/alserfincas.com\/#\/schema\/logo\/image\/"}}]}},"_links":{"self":[{"href":"https:\/\/alserfincas.com\/index.php\/wp-json\/wp\/v2\/pages\/547","targetHints":{"allow":["GET"]}}],"collection":[{"href":"https:\/\/alserfincas.com\/index.php\/wp-json\/wp\/v2\/pages"}],"about":[{"href":"https:\/\/alserfincas.com\/index.php\/wp-json\/wp\/v2\/types\/page"}],"author":[{"embeddable":true,"href":"https:\/\/alserfincas.com\/index.php\/wp-json\/wp\/v2\/users\/1"}],"replies":[{"embeddable":true,"href":"https:\/\/alserfincas.com\/index.php\/wp-json\/wp\/v2\/comments?post=547"}],"version-history":[{"count":65,"href":"https:\/\/alserfincas.com\/index.php\/wp-json\/wp\/v2\/pages\/547\/revisions"}],"predecessor-version":[{"id":687,"href":"https:\/\/alserfincas.com\/index.php\/wp-json\/wp\/v2\/pages\/547\/revisions\/687"}],"wp:attachment":[{"href":"https:\/\/alserfincas.com\/index.php\/wp-json\/wp\/v2\/media?parent=547"}],"curies":[{"name":"wp","href":"https:\/\/api.w.org\/{rel}","templated":true}]}}